{"id":11,"date":"2026-02-09T20:44:34","date_gmt":"2026-02-09T20:44:34","guid":{"rendered":"http:\/\/localhost:8888\/carefinances\/termes-et-conditions\/"},"modified":"2026-03-28T18:15:45","modified_gmt":"2026-03-28T18:15:45","slug":"termes-et-conditions","status":"publish","type":"page","link":"http:\/\/altacrown.lab-media.dev\/fr\/termes-et-conditions\/","title":{"rendered":"Termes et conditions"},"content":{"rendered":"\n<p>Les pr\u00e9sentes Conditions d&rsquo;utilisation r\u00e9gissent votre acc\u00e8s \u00e0 nos services d&rsquo;\u00e9ducation financi\u00e8re. Lorsque vous souscrivez un abonnement \u00e0 notre plate-forme d&rsquo;\u00e9ducation financi\u00e8re, vous devez accepter les pr\u00e9sentes Conditions d&rsquo;utilisation afin de permettre que votre acc\u00e8s soit valid\u00e9 et trait\u00e9e en bonne et due forme. L&rsquo;entreprise fournissant les services n&rsquo;acceptera de faire l&rsquo;analyse de votre demande d&rsquo;abonnement \u00e0 la plate-forme que si vous acceptez les pr\u00e9sentes Conditions d&rsquo;utilisation. Malgr\u00e9 le respect des pr\u00e9sentes Conditions d&rsquo;utilisation, l&rsquo;entreprise fournissant les services n&rsquo;a aucune obligation d&rsquo;accepter votre demande d&rsquo;acc\u00e8s. L&rsquo;acceptation ou non de votre acc\u00e8s \u00e0 la plate-forme et le maintien d&rsquo;un acc\u00e8s en continue est \u00e0 l&rsquo;enti\u00e8re discr\u00e9tion de l&rsquo;entreprise fournissant les services.Le compte d&rsquo;un abonn\u00e9 peut \u00eatre d\u00e9sactiv\u00e9 en tout temps, pour des motifs objectifs incluant notamment : fraude av\u00e9r\u00e9e, usurpation d&rsquo;identit\u00e9, non-respect des pr\u00e9sentes Conditions d&rsquo;utilisation, ou obligation l\u00e9gale applicable. Les pr\u00e9sentes Conditions d&rsquo;utilisation s&rsquo;ajoutent \u00e0 tout autre contrat applicable entre les parties et demeurent valides tout au long du service d&rsquo;abonnement octroy\u00e9 par l&rsquo;entreprise fournissant les services.<\/p>\n\n\n\n<h2 class=\"wp-block-heading\">QUI PEUT S&rsquo;ABONNER \u00c0 NOS SERVICES ?<\/h2>\n\n\n\n<p>Vous devez \u00eatre \u00e2g\u00e9(e) d&rsquo;au moins 18 ans et ne pas \u00eatre consid\u00e9r\u00e9(e) inapte ou faisant l&rsquo;objet d&rsquo;une tutelle.<\/p>\n\n\n\n<p>L&rsquo;objet de votre demande d&rsquo;acc\u00e8s \u00e0 la plate-forme d&rsquo;\u00e9ducation financi\u00e8re ne doit pas \u00eatre fait, directement ou indirectement, pour un dessein ill\u00e9gal, interdit, criminel, frauduleux, \u00e0 des fins de blanchiment d&rsquo;argent ou dans le cadre de tout autre geste consid\u00e9r\u00e9 de mauvaise foi par l&rsquo;entreprise fournissant les services, et ce, \u00e0 son enti\u00e8re et exclusive discr\u00e9tion.<\/p>\n\n\n\n<p>Vous avez l&rsquo;obligation de r\u00e9v\u00e9ler votre identit\u00e9 compl\u00e8te.<\/p>\n\n\n\n<p>Vous ne pouvez pas usurper l&rsquo;identit\u00e9 d&rsquo;autrui.<\/p>\n\n\n\n<p>Vous n&rsquo;avez pas fait l&rsquo;objet d&rsquo;une demande refus\u00e9e ou d&rsquo;une fermeture de compte aupr\u00e8s de notre entreprise dans les trente (30) jours pr\u00e9c\u00e9dant la pr\u00e9sente demande d&rsquo;acc\u00e8s \u00e0 notre plate-forme d&rsquo;\u00e9ducation financi\u00e8re.<\/p>\n\n\n\n<h2 class=\"wp-block-heading\">COLLECTE ET UTILISATION D&rsquo;INFORMATION<\/h2>\n\n\n\n<p>Pour traiter votre demande d&rsquo;acc\u00e8s \u00e0 notre plate-forme d&rsquo;\u00e9ducation financi\u00e8re, tel que ci-avant mentionn\u00e9, l&rsquo;entreprise fournissant les services doit v\u00e9rifier les informations vous concernant. Le type d&rsquo;information recueillie d\u00e9pend de l&rsquo;information que vous fournissez et de la mani\u00e8re dont vous utilisez le site web de l&rsquo;entreprise fournissant les services.<\/p>\n\n\n\n<p>Par les pr\u00e9sentes, vous comprenez et acceptez qu&rsquo;au moment o\u00f9 une demande d&rsquo;acc\u00e8s \u00e0 la plateforme d&rsquo;\u00e9ducation financi\u00e8re est faite, l&rsquo;entreprise fournissant les services recueille le contenu de la demande, les communications ainsi que d&rsquo;autres informations que vous fournirez, notamment lorsque vous cr\u00e9ez un compte, cr\u00e9ez ou partagez du contenu, ou lorsque vous communiquez avec des membres, officiers, administrateurs, agents ou partenaires de l&rsquo;entreprise fournissant les services ou lorsque vous leur envoyez des messages.<\/p>\n\n\n\n<p>Cela peut comprendre des informations pr\u00e9sentes dans le contenu que vous fournissez (par exemple : des m\u00e9tadonn\u00e9es) ou concernant un tel contenu, tel que le lieu d&rsquo;une photo ou la date \u00e0 laquelle un fichier a \u00e9t\u00e9 cr\u00e9\u00e9. Vous consentez formellement \u00e0 ce que toutes les informations ainsi recueillies puissent \u00eatre utilis\u00e9es par l&rsquo;entreprise fournissant les services dans le cadre de la gestion de votre demande d&rsquo;acc\u00e8s \u00e0 la plate-forme d&rsquo;\u00e9ducation financi\u00e8re et pourra \u00eatre transmise \u00e0 toute autre soci\u00e9t\u00e9 affili\u00e9e, fournisseur de services ou autres entreprises connexes \u00e0 des fins d&rsquo;enqu\u00eate ou d&rsquo;agr\u00e9gation des donn\u00e9es vous concernant.<\/p>\n\n\n\n<p>Les donn\u00e9es vous concernant pourront faire partie d&rsquo;une base de donn\u00e9es g\u00e9r\u00e9e par l&rsquo;entreprise fournissant les services, par toute autre soci\u00e9t\u00e9 affili\u00e9e, fournisseurs de services ou autres entreprises connexes dans le but de traiter et enqu\u00eater demandes d&rsquo;acc\u00e8s, selon les conditions ci-avant mentionn\u00e9es ou autres et pourront \u00eatre conserv\u00e9es pour une dur\u00e9e ind\u00e9termin\u00e9e par l&rsquo;entreprise fournissant les services et par toute autre soci\u00e9t\u00e9 affili\u00e9e, fournisseur de services ou autres entreprises connexes dans cet objectif. Les donn\u00e9es peuvent \u00eatre partag\u00e9es avec des autorit\u00e9s publiques ou l\u00e9gales, lorsque la loi et\/ou une Cour de justice l&rsquo;ordonne(nt).<\/p>\n\n\n\n<h2 class=\"wp-block-heading\">JURIDICTION DE LA DEMANDE D&rsquo;INSCRIPTION \u00c0 NOS SERVICES ET DE LA GESTION DES LITIGES<\/h2>\n\n\n\n<p>L&rsquo;entreprise fournissant les services est une entreprise faisant affaires dans la province de Qu\u00e9bec au Canada et toute acceptation de la demande d&rsquo;acc\u00e8s \u00e0 la plate-forme d&rsquo;\u00e9ducation financi\u00e8re sera consid\u00e9r\u00e9e \u00eatre effectu\u00e9e dans la province de Qu\u00e9bec au Canada, et ce, nonobstant votre lieu de r\u00e9sidence ou nonobstant le lieu o\u00f9 votre demande a \u00e9t\u00e9 effectu\u00e9e. Vous consentez que, en cas de litige, les lois du Qu\u00e9bec et du Canada soient applicables et que tout litige soit entendu dans la juridiction de la province de Qu\u00e9bec au Canada, dans le district juridique de Montr\u00e9al, \u00e0 l&rsquo;exclusion de toute autre juridiction et de tout autre district.<\/p>\n\n\n\n<h2 class=\"wp-block-heading\">MISE \u00c0 JOUR DES PR\u00c9SENTES CONDITIONS D&rsquo;UTILISATION<\/h2>\n\n\n\n<p>L&rsquo;entreprise fournissant les services peut modifier ses services et ses r\u00e8glements et il est possible qu&rsquo;elle doive apporter des modifications aux pr\u00e9sentes Conditions d&rsquo;utilisation. L&rsquo;entreprise fournissant les services vous informera avant de modifier les pr\u00e9sentes Conditions d&rsquo;utilisation et vous donnera l&rsquo;occasion de les examiner avant leur entr\u00e9e en vigueur. Par la suite, si vous poursuivez votre utilisation des services aupr\u00e8s de l&rsquo;entreprise fournissant les services, vous serez li\u00e9(e) par les Conditions d&rsquo;utilisation r\u00e9vis\u00e9es.<\/p>\n","protected":false},"excerpt":{"rendered":"<p>Les pr\u00e9sentes Conditions d&rsquo;utilisation r\u00e9gissent votre acc\u00e8s \u00e0 nos services d&rsquo;\u00e9ducation financi\u00e8re. Lorsque vous souscrivez un abonnement \u00e0 notre plate-forme d&rsquo;\u00e9ducation financi\u00e8re, vous devez accepter&#8230;<\/p>\n","protected":false},"author":1,"featured_media":0,"parent":0,"menu_order":0,"comment_status":"closed","ping_status":"closed","template":"","meta":{"_acf_changed":false,"footnotes":""},"class_list":["post-11","page","type-page","status-publish","hentry"],"acf":[],"yoast_head":"<!-- This site is optimized with the Yoast SEO plugin v26.9 - https:\/\/yoast.com\/product\/yoast-seo-wordpress\/ -->\n<title>Termes et conditions - Altacrown<\/title>\n<meta name=\"robots\" content=\"noindex, follow, max-snippet:-1, max-image-preview:large, max-video-preview:-1\" \/>\n<meta property=\"og:locale\" content=\"fr_FR\" \/>\n<meta property=\"og:type\" content=\"article\" \/>\n<meta property=\"og:title\" content=\"Termes et conditions - Altacrown\" \/>\n<meta property=\"og:description\" content=\"Les pr\u00e9sentes Conditions d&rsquo;utilisation r\u00e9gissent votre acc\u00e8s \u00e0 nos services d&rsquo;\u00e9ducation financi\u00e8re. Lorsque vous souscrivez un abonnement \u00e0 notre plate-forme d&rsquo;\u00e9ducation financi\u00e8re, vous devez accepter...\" \/>\n<meta property=\"og:url\" content=\"http:\/\/altacrown.lab-media.dev\/fr\/termes-et-conditions\/\" \/>\n<meta property=\"og:site_name\" content=\"Altacrown\" \/>\n<meta property=\"article:modified_time\" content=\"2026-03-28T18:15:45+00:00\" \/>\n<meta name=\"twitter:card\" content=\"summary_large_image\" \/>\n<meta name=\"twitter:label1\" content=\"Dur\u00e9e de lecture estim\u00e9e\" \/>\n\t<meta name=\"twitter:data1\" content=\"4 minutes\" \/>\n<script type=\"application\/ld+json\" class=\"yoast-schema-graph\">{\"@context\":\"https:\/\/schema.org\",\"@graph\":[{\"@type\":\"WebPage\",\"@id\":\"http:\/\/altacrown.lab-media.dev\/fr\/termes-et-conditions\/\",\"url\":\"http:\/\/altacrown.lab-media.dev\/fr\/termes-et-conditions\/\",\"name\":\"Termes et conditions - Altacrown\",\"isPartOf\":{\"@id\":\"https:\/\/altacrown.lab-media.dev\/fr\/#website\"},\"datePublished\":\"2026-02-09T20:44:34+00:00\",\"dateModified\":\"2026-03-28T18:15:45+00:00\",\"breadcrumb\":{\"@id\":\"http:\/\/altacrown.lab-media.dev\/fr\/termes-et-conditions\/#breadcrumb\"},\"inLanguage\":\"fr-FR\",\"potentialAction\":[{\"@type\":\"ReadAction\",\"target\":[\"http:\/\/altacrown.lab-media.dev\/fr\/termes-et-conditions\/\"]}]},{\"@type\":\"BreadcrumbList\",\"@id\":\"http:\/\/altacrown.lab-media.dev\/fr\/termes-et-conditions\/#breadcrumb\",\"itemListElement\":[{\"@type\":\"ListItem\",\"position\":1,\"name\":\"Home\",\"item\":\"http:\/\/altacrown.lab-media.dev\/fr\/\"},{\"@type\":\"ListItem\",\"position\":2,\"name\":\"Termes et conditions\"}]},{\"@type\":\"WebSite\",\"@id\":\"https:\/\/altacrown.lab-media.dev\/fr\/#website\",\"url\":\"https:\/\/altacrown.lab-media.dev\/fr\/\",\"name\":\"Altacrown\",\"description\":\"\",\"publisher\":{\"@id\":\"https:\/\/altacrown.lab-media.dev\/fr\/#organization\"},\"potentialAction\":[{\"@type\":\"SearchAction\",\"target\":{\"@type\":\"EntryPoint\",\"urlTemplate\":\"https:\/\/altacrown.lab-media.dev\/fr\/?s={search_term_string}\"},\"query-input\":{\"@type\":\"PropertyValueSpecification\",\"valueRequired\":true,\"valueName\":\"search_term_string\"}}],\"inLanguage\":\"fr-FR\"},{\"@type\":\"Organization\",\"@id\":\"https:\/\/altacrown.lab-media.dev\/fr\/#organization\",\"name\":\"Altacrown\",\"url\":\"https:\/\/altacrown.lab-media.dev\/fr\/\",\"logo\":{\"@type\":\"ImageObject\",\"inLanguage\":\"fr-FR\",\"@id\":\"https:\/\/altacrown.lab-media.dev\/fr\/#\/schema\/logo\/image\/\",\"url\":\"http:\/\/altacrown.lab-media.dev\/wp-content\/uploads\/2026\/02\/image_logo_al.png\",\"contentUrl\":\"http:\/\/altacrown.lab-media.dev\/wp-content\/uploads\/2026\/02\/image_logo_al.png\",\"width\":400,\"height\":372,\"caption\":\"Altacrown\"},\"image\":{\"@id\":\"https:\/\/altacrown.lab-media.dev\/fr\/#\/schema\/logo\/image\/\"}}]}<\/script>\n<!-- \/ Yoast SEO plugin. -->","yoast_head_json":{"title":"Termes et conditions - Altacrown","robots":{"index":"noindex","follow":"follow","max-snippet":"max-snippet:-1","max-image-preview":"max-image-preview:large","max-video-preview":"max-video-preview:-1"},"og_locale":"fr_FR","og_type":"article","og_title":"Termes et conditions - Altacrown","og_description":"Les pr\u00e9sentes Conditions d&rsquo;utilisation r\u00e9gissent votre acc\u00e8s \u00e0 nos services d&rsquo;\u00e9ducation financi\u00e8re. Lorsque vous souscrivez un abonnement \u00e0 notre plate-forme d&rsquo;\u00e9ducation financi\u00e8re, vous devez accepter...","og_url":"http:\/\/altacrown.lab-media.dev\/fr\/termes-et-conditions\/","og_site_name":"Altacrown","article_modified_time":"2026-03-28T18:15:45+00:00","twitter_card":"summary_large_image","twitter_misc":{"Dur\u00e9e de lecture estim\u00e9e":"4 minutes"},"schema":{"@context":"https:\/\/schema.org","@graph":[{"@type":"WebPage","@id":"http:\/\/altacrown.lab-media.dev\/fr\/termes-et-conditions\/","url":"http:\/\/altacrown.lab-media.dev\/fr\/termes-et-conditions\/","name":"Termes et conditions - Altacrown","isPartOf":{"@id":"https:\/\/altacrown.lab-media.dev\/fr\/#website"},"datePublished":"2026-02-09T20:44:34+00:00","dateModified":"2026-03-28T18:15:45+00:00","breadcrumb":{"@id":"http:\/\/altacrown.lab-media.dev\/fr\/termes-et-conditions\/#breadcrumb"},"inLanguage":"fr-FR","potentialAction":[{"@type":"ReadAction","target":["http:\/\/altacrown.lab-media.dev\/fr\/termes-et-conditions\/"]}]},{"@type":"BreadcrumbList","@id":"http:\/\/altacrown.lab-media.dev\/fr\/termes-et-conditions\/#breadcrumb","itemListElement":[{"@type":"ListItem","position":1,"name":"Home","item":"http:\/\/altacrown.lab-media.dev\/fr\/"},{"@type":"ListItem","position":2,"name":"Termes et conditions"}]},{"@type":"WebSite","@id":"https:\/\/altacrown.lab-media.dev\/fr\/#website","url":"https:\/\/altacrown.lab-media.dev\/fr\/","name":"Altacrown","description":"","publisher":{"@id":"https:\/\/altacrown.lab-media.dev\/fr\/#organization"},"potentialAction":[{"@type":"SearchAction","target":{"@type":"EntryPoint","urlTemplate":"https:\/\/altacrown.lab-media.dev\/fr\/?s={search_term_string}"},"query-input":{"@type":"PropertyValueSpecification","valueRequired":true,"valueName":"search_term_string"}}],"inLanguage":"fr-FR"},{"@type":"Organization","@id":"https:\/\/altacrown.lab-media.dev\/fr\/#organization","name":"Altacrown","url":"https:\/\/altacrown.lab-media.dev\/fr\/","logo":{"@type":"ImageObject","inLanguage":"fr-FR","@id":"https:\/\/altacrown.lab-media.dev\/fr\/#\/schema\/logo\/image\/","url":"http:\/\/altacrown.lab-media.dev\/wp-content\/uploads\/2026\/02\/image_logo_al.png","contentUrl":"http:\/\/altacrown.lab-media.dev\/wp-content\/uploads\/2026\/02\/image_logo_al.png","width":400,"height":372,"caption":"Altacrown"},"image":{"@id":"https:\/\/altacrown.lab-media.dev\/fr\/#\/schema\/logo\/image\/"}}]}},"_links":{"self":[{"href":"http:\/\/altacrown.lab-media.dev\/fr\/wp-json\/wp\/v2\/pages\/11","targetHints":{"allow":["GET"]}}],"collection":[{"href":"http:\/\/altacrown.lab-media.dev\/fr\/wp-json\/wp\/v2\/pages"}],"about":[{"href":"http:\/\/altacrown.lab-media.dev\/fr\/wp-json\/wp\/v2\/types\/page"}],"author":[{"embeddable":true,"href":"http:\/\/altacrown.lab-media.dev\/fr\/wp-json\/wp\/v2\/users\/1"}],"replies":[{"embeddable":true,"href":"http:\/\/altacrown.lab-media.dev\/fr\/wp-json\/wp\/v2\/comments?post=11"}],"version-history":[{"count":2,"href":"http:\/\/altacrown.lab-media.dev\/fr\/wp-json\/wp\/v2\/pages\/11\/revisions"}],"predecessor-version":[{"id":238,"href":"http:\/\/altacrown.lab-media.dev\/fr\/wp-json\/wp\/v2\/pages\/11\/revisions\/238"}],"wp:attachment":[{"href":"http:\/\/altacrown.lab-media.dev\/fr\/wp-json\/wp\/v2\/media?parent=11"}],"curies":[{"name":"wp","href":"https:\/\/api.w.org\/{rel}","templated":true}]}}